{"id":71253,"date":"2024-03-21T11:51:41","date_gmt":"2024-03-21T11:51:41","guid":{"rendered":"https:\/\/inesalmodovarpeluquerias.multiplikate.es\/?page_id=71253"},"modified":"2024-03-21T14:42:53","modified_gmt":"2024-03-21T14:42:53","slug":"estetica","status":"publish","type":"page","link":"https:\/\/inesalmodovarpeluquerias.com\/?page_id=71253","title":{"rendered":"Est\u00e9tica"},"content":{"rendered":"<p>[et_pb_section fb_built=\u00bb1&#8243; _builder_version=\u00bb4.24.2&#8243; _module_preset=\u00bbdefault\u00bb background_color=\u00bbrgba(0,0,0,0.25)\u00bb background_image=\u00bbhttps:\/\/inesalmodovarpeluquerias.com\/wp-content\/uploads\/2024\/03\/21119.jpg\u00bb background_blend=\u00bbdarken\u00bb background_enable_video_mp4=\u00bboff\u00bb custom_padding=\u00bb42px|||||\u00bb hover_enabled=\u00bb0&#8243; global_colors_info=\u00bb{}\u00bb animation_style=\u00bbfade\u00bb sticky_enabled=\u00bb0&#8243;][et_pb_row _builder_version=\u00bb4.24.2&#8243; _module_preset=\u00bbdefault\u00bb custom_margin=\u00bb109px|auto|109px|auto|true|\u00bb custom_margin_tablet=\u00bb220px|auto|128px|auto||\u00bb custom_margin_phone=\u00bb75px|auto|11px|auto|false|false\u00bb custom_margin_last_edited=\u00bbon|phone\u00bb global_colors_info=\u00bb{}\u00bb][et_pb_column type=\u00bb4_4&#8243; _builder_version=\u00bb4.24.2&#8243; _module_preset=\u00bbdefault\u00bb global_colors_info=\u00bb{}\u00bb][et_pb_text _builder_version=\u00bb4.24.2&#8243; _module_preset=\u00bbdefault\u00bb header_font_size=\u00bb40px\u00bb header_2_text_color=\u00bb#FFFFFF\u00bb header_2_font_size=\u00bb46px\u00bb header_2_font_size_tablet=\u00bb59px\u00bb header_2_font_size_phone=\u00bb41px\u00bb header_2_font_size_last_edited=\u00bbon|phone\u00bb header_2_text_shadow_style=\u00bbpreset1&#8243; global_colors_info=\u00bb{}\u00bb]<\/p>\n<h2 style=\"text-align: center;\"><span>Descubre tu mejor versi\u00f3n.<\/span><\/h2>\n<p>[\/et_pb_text][\/et_pb_column][\/et_pb_row][\/et_pb_section][et_pb_section fb_built=\u00bb1&#8243; _builder_version=\u00bb4.24.2&#8243; _module_preset=\u00bbdefault\u00bb custom_margin=\u00bb0px||0px||false|false\u00bb custom_padding=\u00bb0px||0px||false|false\u00bb animation_style=\u00bbfade\u00bb animation_delay=\u00bb500ms\u00bb animation_speed_curve=\u00bbease\u00bb global_colors_info=\u00bb{}\u00bb][et_pb_row column_structure=\u00bb1_2,1_2&#8243; use_custom_gutter=\u00bbon\u00bb gutter_width=\u00bb1&#8243; make_equal=\u00bbon\u00bb _builder_version=\u00bb4.24.2&#8243; _module_preset=\u00bbdefault\u00bb width=\u00bb100%\u00bb max_width=\u00bb100%\u00bb custom_margin=\u00bb0px||0px||false|false\u00bb custom_padding=\u00bb0px||0px||false|false\u00bb global_colors_info=\u00bb{}\u00bb][et_pb_column type=\u00bb1_2&#8243; _builder_version=\u00bb4.24.2&#8243; _module_preset=\u00bbdefault\u00bb background_image=\u00bbhttps:\/\/inesalmodovarpeluquerias.com\/wp-content\/uploads\/2024\/03\/hair-salon-4-vt-4.png\u00bb background_position=\u00bbtop_center\u00bb custom_padding=\u00bb70px||70px||false|false\u00bb custom_padding_tablet=\u00bb120px|40px|120px|40px|false|false\u00bb custom_padding_phone=\u00bb85px|20px|90px|20px|false|false\u00bb custom_padding_last_edited=\u00bbon|tablet\u00bb global_colors_info=\u00bb{}\u00bb][et_pb_text content_tablet=\u00bb<\/p>\n<h2 style=%22text-align: justify;%22>Peluquer\u00eda Est In\u00e9s Almodovar<\/h2>\n<p>\u00bb content_phone=\u00bb<\/p>\n<h2 style=%22text-align: justify;%22>Peluquer\u00eda Est\u00e9tica In\u00e9s Almodovar<\/h2>\n<p>\u00bb content_last_edited=\u00bbon|phone\u00bb _builder_version=\u00bb4.24.2&#8243; _module_preset=\u00bbdefault\u00bb header_font_size=\u00bb28px\u00bb header_2_font=\u00bbLibre Bodoni||||||||\u00bb header_2_text_align=\u00bbcenter\u00bb header_2_text_color=\u00bb#000000&#8243; header_2_font_size=\u00bb35px\u00bb header_2_line_height=\u00bb1.2em\u00bb max_width=\u00bb450px\u00bb module_alignment=\u00bbcenter\u00bb custom_margin=\u00bb0px||14px||false|false\u00bb custom_margin_tablet=\u00bb0px||14px||false|false\u00bb custom_margin_phone=\u00bb-50px||15px||false|false\u00bb custom_margin_last_edited=\u00bbon|phone\u00bb custom_padding=\u00bb0px||0px||false|false\u00bb header_2_font_size_tablet=\u00bb49px\u00bb header_2_font_size_phone=\u00bb30px\u00bb header_2_font_size_last_edited=\u00bbon|phone\u00bb global_colors_info=\u00bb{}\u00bb content__hover_enabled=\u00bboff|desktop\u00bb content__hover=\u00bb<\/p>\n<h2 style=%22text-align: justify;%22>Peluquer\u00eda Est In\u00e9s Almodovar<\/h2>\n<p>\u00ab]<\/p>\n<h2 style=\"text-align: center;\">Est\u00e9tica<\/h2>\n<p>[\/et_pb_text][et_pb_text _builder_version=\u00bb4.24.2&#8243; _module_preset=\u00bbdefault\u00bb header_text_color=\u00bb#000000&#8243; header_6_font=\u00bbManrope|700||on|||||\u00bb header_6_text_align=\u00bbcenter\u00bb header_6_text_color=\u00bb#000000&#8243; header_6_font_size=\u00bb12px\u00bb header_6_letter_spacing=\u00bb0.4em\u00bb max_width=\u00bb450px\u00bb module_alignment=\u00bbcenter\u00bb custom_margin=\u00bb0px||23px||false|false\u00bb custom_margin_tablet=\u00bb0px||23px||false|false\u00bb custom_margin_phone=\u00bb0px||15px||false|false\u00bb custom_margin_last_edited=\u00bbon|phone\u00bb custom_padding=\u00bb0px||0px||false|false\u00bb global_colors_info=\u00bb{}\u00bb]<\/p>\n<h6>Peluquer\u00eda y Est\u00e9tica<\/h6>\n<p>[\/et_pb_text][et_pb_text _builder_version=\u00bb4.24.2&#8243; _module_preset=\u00bbdefault\u00bb text_font=\u00bbManrope||||||||\u00bb text_text_color=\u00bb#000000&#8243; text_font_size=\u00bb17px\u00bb text_line_height=\u00bb1.6em\u00bb text_orientation=\u00bbcenter\u00bb max_width=\u00bb450px\u00bb module_alignment=\u00bbcenter\u00bb custom_margin=\u00bb0px||42px||false|false\u00bb custom_padding=\u00bb0px||0px||false|false\u00bb global_colors_info=\u00bb{}\u00bb]<\/p>\n<p style=\"text-align: justify;\"><span>En <strong>In\u00e9s Almod\u00f3var,<\/strong> no solo nos preocupamos por tu apariencia, sino tambi\u00e9n por tu bienestar interior. Nuestros profesionales de la est\u00e9tica ofrecen una gama de <strong>tratamientos dise\u00f1ados para rejuvenecer<\/strong> tu piel, resaltar tus rasgos naturales y revitalizar tu cuerpo. Desde faciales personalizados hasta servicios de depilaci\u00f3n y cuidado de la piel, cada experiencia en nuestro sal\u00f3n es un viaje hacia una <strong>belleza radiante y una confianza renovada.<\/strong><\/span><\/p>\n<p>[\/et_pb_text][\/et_pb_column][et_pb_column type=\u00bb1_2&#8243; _builder_version=\u00bb4.24.2&#8243; _module_preset=\u00bbdefault\u00bb background_image=\u00bbhttps:\/\/inesalmodovarpeluquerias.com\/wp-content\/uploads\/2024\/03\/842.jpg\u00bb background_last_edited=\u00bbon|phone\u00bb background_enable_image_tablet=\u00bboff\u00bb background_enable_image_phone=\u00bboff\u00bb global_colors_info=\u00bb{}\u00bb][et_pb_image src=\u00bbhttps:\/\/inesalmodovarpeluquerias.com\/wp-content\/uploads\/2024\/03\/842.jpg\u00bb title_text=\u00bb842&#8243; disabled_on=\u00bboff|on|on\u00bb _builder_version=\u00bb4.24.2&#8243; _module_preset=\u00bbdefault\u00bb global_colors_info=\u00bb{}\u00bb][\/et_pb_image][\/et_pb_column][\/et_pb_row][\/et_pb_section][et_pb_section fb_built=\u00bb1&#8243; custom_padding_last_edited=\u00bbon|tablet\u00bb _builder_version=\u00bb4.24.2&#8243; _module_preset=\u00bbdefault\u00bb background_image=\u00bbhttps:\/\/inesalmodovarpeluquerias.com\/wp-content\/uploads\/2024\/03\/hair-salon-4-vt-3.png\u00bb custom_margin=\u00bb0px||0px||false|false\u00bb custom_padding=\u00bb34px||34px||true|false\u00bb custom_padding_tablet=\u00bb120px||120px||false|false\u00bb custom_padding_phone=\u00bb20px||20px||false|false\u00bb global_colors_info=\u00bb{}\u00bb][et_pb_row column_structure=\u00bb1_3,1_3,1_3&#8243; use_custom_gutter=\u00bbon\u00bb gutter_width=\u00bb1&#8243; _builder_version=\u00bb4.20.2&#8243; _module_preset=\u00bbdefault\u00bb width=\u00bb90%\u00bb max_width=\u00bb1300px\u00bb custom_margin=\u00bb-4px|auto|0px|auto|false|false\u00bb custom_padding=\u00bb0px||0px||false|false\u00bb animation_style=\u00bbfade\u00bb animation_delay=\u00bb500ms\u00bb animation_speed_curve=\u00bbease\u00bb global_colors_info=\u00bb{}\u00bb][et_pb_column type=\u00bb1_3&#8243; _builder_version=\u00bb4.20.2&#8243; _module_preset=\u00bbdefault\u00bb custom_padding=\u00bb|50px|||false|false\u00bb custom_padding_tablet=\u00bb|0px|||false|false\u00bb custom_padding_phone=\u00bb|0px|||false|false\u00bb custom_padding_last_edited=\u00bbon|tablet\u00bb global_colors_info=\u00bb{}\u00bb][et_pb_text _builder_version=\u00bb4.24.2&#8243; _module_preset=\u00bbdefault\u00bb header_2_font=\u00bbLibre Bodoni||||||||\u00bb header_2_text_align=\u00bbleft\u00bb header_2_text_color=\u00bb#663130&#8243; header_2_font_size=\u00bb49px\u00bb header_2_line_height=\u00bb1.2em\u00bb custom_margin=\u00bb0px||14px||false|false\u00bb custom_margin_tablet=\u00bb0px||14px||false|false\u00bb custom_margin_phone=\u00bb0px||10px||false|false\u00bb custom_margin_last_edited=\u00bbon|phone\u00bb custom_padding=\u00bb0px||0px||false|false\u00bb header_2_font_size_tablet=\u00bb49px\u00bb header_2_font_size_phone=\u00bb30px\u00bb header_2_font_size_last_edited=\u00bbon|phone\u00bb global_colors_info=\u00bb{}\u00bb]<\/p>\n<h2><span style=\"color: #000000;\"><i>Siempre a tu Servicio<\/i><\/span><\/h2>\n<p>[\/et_pb_text][et_pb_text _builder_version=\u00bb4.24.2&#8243; _module_preset=\u00bbdefault\u00bb header_text_color=\u00bb#000000&#8243; header_6_font=\u00bbManrope|700||on|||||\u00bb header_6_text_align=\u00bbleft\u00bb header_6_text_color=\u00bb#000000&#8243; header_6_font_size=\u00bb12px\u00bb header_6_letter_spacing=\u00bb0.4em\u00bb custom_margin=\u00bb0px||0px||false|false\u00bb custom_padding=\u00bb0px||0px||false|false\u00bb global_colors_info=\u00bb{}\u00bb]<\/p>\n<h6>100% Profesionalidad<\/h6>\n<p>[\/et_pb_text][\/et_pb_column][et_pb_column type=\u00bb1_3&#8243; _builder_version=\u00bb4.20.2&#8243; _module_preset=\u00bbdefault\u00bb custom_padding=\u00bb|40px||20px|false|false\u00bb custom_padding_tablet=\u00bb|90px||0px|false|false\u00bb custom_padding_phone=\u00bb|0px|||false|false\u00bb custom_padding_last_edited=\u00bbon|tablet\u00bb global_colors_info=\u00bb{}\u00bb][et_pb_text _builder_version=\u00bb4.24.2&#8243; _module_preset=\u00bbdefault\u00bb text_font=\u00bbLibre Bodoni||||||||\u00bb text_text_color=\u00bb#000000&#8243; text_font_size=\u00bb20px\u00bb text_line_height=\u00bb1em\u00bb custom_margin=\u00bb36px||34px||false|false\u00bb custom_margin_tablet=\u00bb80px||34px||false|false\u00bb custom_margin_phone=\u00bb60px||||false|false\u00bb custom_margin_last_edited=\u00bbon|tablet\u00bb custom_padding=\u00bb0px||9px||false|false\u00bb border_width_bottom=\u00bb1px\u00bb border_color_bottom=\u00bb#e0d6d6&#8243; global_colors_info=\u00bb{}\u00bb]<\/p>\n<p><span style=\"color: #333300;\">Martes a Viernes<\/span><span style=\"float: right; font-size: 15px; font-family: 'Manrope'; font-weight: 500;\">10:00 &#8211; 17:30<\/span><\/p>\n<p>[\/et_pb_text][et_pb_text _builder_version=\u00bb4.24.2&#8243; _module_preset=\u00bbdefault\u00bb text_font=\u00bbLibre Bodoni||||||||\u00bb text_text_color=\u00bb#000000&#8243; text_font_size=\u00bb20px\u00bb text_line_height=\u00bb1em\u00bb custom_margin=\u00bb0px||34px||false|false\u00bb custom_padding=\u00bb0px||9px||false|false\u00bb border_width_bottom=\u00bb1px\u00bb border_color_bottom=\u00bb#e0d6d6&#8243; global_colors_info=\u00bb{}\u00bb]<\/p>\n<p><span style=\"color: #000000;\">S\u00e1bados<\/span><span style=\"float: right; font-size: 15px; font-family: 'Manrope'; font-weight: 500;\">09:00-16:00<\/span><\/p>\n<p>[\/et_pb_text][\/et_pb_column][et_pb_column type=\u00bb1_3&#8243; _builder_version=\u00bb4.20.2&#8243; _module_preset=\u00bbdefault\u00bb custom_padding=\u00bb|||70px|false|false\u00bb custom_padding_tablet=\u00bb|||0px|false|false\u00bb custom_padding_phone=\u00bb|||0px|false|false\u00bb custom_padding_last_edited=\u00bbon|tablet\u00bb global_colors_info=\u00bb{}\u00bb][et_pb_text content_tablet=\u00bbDirecci\u00f3n:<br \/>\nAv. Inmaculada Concepci\u00f3n, 8<br \/>\n29631 Arroyo de La Miel<br \/>\nM\u00e1laga, Espa\u00f1a.\u00bb content_phone=\u00bbDirecci\u00f3n:<br \/>\nAv. Inmaculada Concepci\u00f3n, 8,                  29631 Arroyo de La Miel, M\u00e1laga, Espa\u00f1a\u00bb content_last_edited=\u00bbon|phone\u00bb _builder_version=\u00bb4.24.2&#8243; _module_preset=\u00bbdefault\u00bb text_font=\u00bbLibre Bodoni||||||||\u00bb text_text_color=\u00bb#000000&#8243; text_font_size=\u00bb18px\u00bb text_line_height=\u00bb1.2em\u00bb link_text_color=\u00bb#663130&#8243; header_text_color=\u00bb#000000&#8243; header_line_height=\u00bb1.2em\u00bb custom_margin=\u00bb27px||14px||false|false\u00bb custom_margin_tablet=\u00bb90px||28px||false|false\u00bb custom_margin_phone=\u00bb0px||||false|false\u00bb custom_margin_last_edited=\u00bbon|tablet\u00bb custom_padding=\u00bb0px||0px||false|false\u00bb global_colors_info=\u00bb{}\u00bb link_text_color__hover_enabled=\u00bbon|hover\u00bb link_text_color__hover=\u00bb#a27474&#8243;]Direcci\u00f3n:<br \/>\nAv. Inmaculada Concepci\u00f3n, 8<br \/>\n29631 Arroyo de La Miel<br \/>\nM\u00e1laga, Espa\u00f1a.[\/et_pb_text][et_pb_text _builder_version=\u00bb4.24.2&#8243; _module_preset=\u00bbdefault\u00bb text_font=\u00bbLibre Bodoni||||||||\u00bb text_text_color=\u00bb#000000&#8243; text_font_size=\u00bb18px\u00bb text_line_height=\u00bb1em\u00bb link_text_color=\u00bb#663130&#8243; custom_margin=\u00bb0px||28px||false|false\u00bb custom_padding=\u00bb0px||0px||false|false\u00bb global_colors_info=\u00bb{}\u00bb link_text_color__hover=\u00bb#a27474&#8243; link_text_color__hover_enabled=\u00bbon|hover\u00bb]<\/p>\n<p>Tel\u00e9fono : +34 952 44 50 68<\/p>\n<p>[\/et_pb_text][\/et_pb_column][\/et_pb_row][\/et_pb_section]<\/p>\n","protected":false},"excerpt":{"rendered":"<p>Descubre tu mejor versi\u00f3n.Est\u00e9ticaPeluquer\u00eda y Est\u00e9ticaEn In\u00e9s Almod\u00f3var, no solo nos preocupamos por tu apariencia, sino tambi\u00e9n por tu bienestar interior. Nuestros profesionales de la est\u00e9tica ofrecen una gama de tratamientos dise\u00f1ados para rejuvenecer tu piel, resaltar tus rasgos naturales y revitalizar tu cuerpo. Desde faciales personalizados hasta servicios de depilaci\u00f3n y cuidado de la [&hellip;]<\/p>\n","protected":false},"author":1,"featured_media":0,"parent":0,"menu_order":0,"comment_status":"closed","ping_status":"closed","template":"","meta":{"_et_pb_use_builder":"on","_et_pb_old_content":"","_et_gb_content_width":"","footnotes":""},"class_list":["post-71253","page","type-page","status-publish","hentry"],"_links":{"self":[{"href":"https:\/\/inesalmodovarpeluquerias.com\/index.php?rest_route=\/wp\/v2\/pages\/71253","targetHints":{"allow":["GET"]}}],"collection":[{"href":"https:\/\/inesalmodovarpeluquerias.com\/index.php?rest_route=\/wp\/v2\/pages"}],"about":[{"href":"https:\/\/inesalmodovarpeluquerias.com\/index.php?rest_route=\/wp\/v2\/types\/page"}],"author":[{"embeddable":true,"href":"https:\/\/inesalmodovarpeluquerias.com\/index.php?rest_route=\/wp\/v2\/users\/1"}],"replies":[{"embeddable":true,"href":"https:\/\/inesalmodovarpeluquerias.com\/index.php?rest_route=%2Fwp%2Fv2%2Fcomments&post=71253"}],"version-history":[{"count":5,"href":"https:\/\/inesalmodovarpeluquerias.com\/index.php?rest_route=\/wp\/v2\/pages\/71253\/revisions"}],"predecessor-version":[{"id":71287,"href":"https:\/\/inesalmodovarpeluquerias.com\/index.php?rest_route=\/wp\/v2\/pages\/71253\/revisions\/71287"}],"wp:attachment":[{"href":"https:\/\/inesalmodovarpeluquerias.com\/index.php?rest_route=%2Fwp%2Fv2%2Fmedia&parent=71253"}],"curies":[{"name":"wp","href":"https:\/\/api.w.org\/{rel}","templated":true}]}}